{"id":3653,"date":"2020-10-27T16:23:35","date_gmt":"2020-10-27T16:23:35","guid":{"rendered":"https:\/\/www.mirjampolman.com\/?page_id=3653"},"modified":"2026-01-24T22:01:13","modified_gmt":"2026-01-24T23:01:13","slug":"horario","status":"publish","type":"page","link":"https:\/\/www.mirjampolman.com\/landing\/about-us\/horario\/?lang=es","title":{"rendered":"Contacto"},"content":{"rendered":"<p><b>\u00a0<\/b><\/p>\n<p><b><img data-recalc-dims=\"1\" loading=\"lazy\" decoding=\"async\" class=\"alignright wp-image-4135 size-medium\" src=\"https:\/\/i0.wp.com\/www.mirjampolman.com\/wp-content\/uploads\/2021\/05\/shop-Mirjam-Polman.jpg?resize=300%2C256&#038;ssl=1\" alt=\"P\u00e1gina de contacto y horario de BazArt La Gomera. La foto muestra el exterior de la tienda con dos grandes puertas abiertas.\" width=\"300\" height=\"256\" \/><\/b><em>Tienda &amp; Taller:<\/em><br \/>\nCalle Virgen de la Guadalupe 1<br \/>\n38800 San Sebastian<\/p>\n<p style=\"text-align: left;\">Horario:<\/p>\n<p style=\"text-align: left;\">Martes &#8211; Viernes\u00a0 \u00a0 \u00a0 \u00a0 \u00a0 \u00a0 : 10.30 &#8211; 17.00<\/p>\n<p style=\"text-align: left;\">Sabado\u00a0 \u00a0 \u00a0 \u00a0 \u00a0 \u00a0 \u00a0 \u00a0 \u00a0 \u00a0 \u00a0 \u00a0 \u00a0 \u00a0 \u00a0: 10.30 &#8211; 14.00<\/p>\n<p>\u00bfTiene alguna pregunta? Env\u00ede un <a href=\"mailto:bazartlagomera@proton.me\">correo electr\u00f3nico<\/a>.<\/p>\n<p>&nbsp;<\/p>\n<p><em>Encontrar\u00e1s mi arte tambi\u00e9n en estas tiendas:<\/em><\/p>\n<p><a href=\"https:\/\/www.etnograficolagomera.com\/compra\/\" target=\"_blank\" rel=\"noopener\">Los Telares<\/a><br \/>\nEl Patronato<br \/>\n38820 Hermigua<\/p>\n<p><a href=\"https:\/\/www.instagram.com\/soniamedinaupcycling\/\" target=\"_blank\" rel=\"noopener\">Sonia Medina<\/a><br \/>\nC\/ Abesinia 8<br \/>\nVueltas<br \/>\nValle Gran Rey<\/p>\n","protected":false},"excerpt":{"rendered":"<p>\u00a0 Tienda &amp; Taller: Calle Virgen de la Guadalupe 1 38800 San Sebastian Horario: Martes &#8211; Viernes\u00a0 \u00a0 \u00a0 \u00a0 \u00a0 \u00a0 : 10.30 &#8211; 17.00 Sabado\u00a0 \u00a0 \u00a0 \u00a0 \u00a0 \u00a0 \u00a0 \u00a0 \u00a0 \u00a0 \u00a0 \u00a0 \u00a0 \u00a0 \u00a0: 10.30 &#8211; 14.00 \u00bfTiene alguna pregunta? Env\u00ede un correo electr\u00f3nico. &nbsp; Encontrar\u00e1s mi arte&hellip;&nbsp;<\/p>\n","protected":false},"author":1,"featured_media":0,"parent":0,"menu_order":0,"comment_status":"closed","ping_status":"closed","template":"","meta":{"neve_meta_sidebar":"","neve_meta_container":"","neve_meta_enable_content_width":"off","neve_meta_content_width":100,"neve_meta_title_alignment":"","neve_meta_author_avatar":"","neve_post_elements_order":"","neve_meta_disable_header":"","neve_meta_disable_footer":"","neve_meta_disable_title":"on","jetpack_post_was_ever_published":false,"footnotes":""},"class_list":["post-3653","page","type-page","status-publish","hentry"],"yoast_head":"<!-- This site is optimized with the Yoast SEO plugin v27.5 - https:\/\/yoast.com\/product\/yoast-seo-wordpress\/ -->\n<title>Contacto | BazArt La Gomera Fine-Art | Caligrama<\/title>\n<meta name=\"description\" content=\"En esta p\u00e1gina de contacto encontrar\u00e1 el horario de apertura y la direcci\u00f3n de BazArt La Gomera. \u00a1Vis\u00edtenos!\" \/>\n<meta name=\"robots\" content=\"index, follow, max-snippet:-1, max-image-preview:large, max-video-preview:-1\" \/>\n<link rel=\"canonical\" href=\"https:\/\/www.mirjampolman.com\/landing\/about-us\/horario\/?lang=es\" \/>\n<meta property=\"og:locale\" content=\"en_US\" \/>\n<meta property=\"og:type\" content=\"article\" \/>\n<meta property=\"og:title\" content=\"Contacto | BazArt La Gomera Fine-Art | Caligrama\" \/>\n<meta property=\"og:description\" content=\"En esta p\u00e1gina de contacto encontrar\u00e1 el horario de apertura y la direcci\u00f3n de BazArt La Gomera. \u00a1Vis\u00edtenos!\" \/>\n<meta property=\"og:url\" content=\"https:\/\/www.mirjampolman.com\/landing\/about-us\/horario\/?lang=es\" \/>\n<meta property=\"og:site_name\" content=\"BazArt La Gomera\" \/>\n<meta property=\"article:publisher\" content=\"https:\/\/www.facebook.com\/Bazartlagomera\" \/>\n<meta property=\"article:modified_time\" content=\"2026-01-24T23:01:13+00:00\" \/>\n<meta property=\"og:image\" content=\"https:\/\/www.mirjampolman.com\/wp-content\/uploads\/2021\/05\/shop-Mirjam-Polman-300x256.jpg\" \/>\n<meta name=\"twitter:card\" content=\"summary_large_image\" \/>\n<meta name=\"twitter:label1\" content=\"Est. reading time\" \/>\n\t<meta name=\"twitter:data1\" content=\"1 minute\" \/>\n<script type=\"application\/ld+json\" class=\"yoast-schema-graph\">{\"@context\":\"https:\\\/\\\/schema.org\",\"@graph\":[{\"@type\":\"WebPage\",\"@id\":\"https:\\\/\\\/www.mirjampolman.com\\\/landing\\\/about-us\\\/horario\\\/?lang=es\",\"url\":\"https:\\\/\\\/www.mirjampolman.com\\\/landing\\\/about-us\\\/horario\\\/?lang=es\",\"name\":\"Contacto | BazArt La Gomera Fine-Art | Caligrama\",\"isPartOf\":{\"@id\":\"https:\\\/\\\/www.mirjampolman.com\\\/landing\\\/about-us\\\/#website\"},\"primaryImageOfPage\":{\"@id\":\"https:\\\/\\\/www.mirjampolman.com\\\/landing\\\/about-us\\\/horario\\\/?lang=es#primaryimage\"},\"image\":{\"@id\":\"https:\\\/\\\/www.mirjampolman.com\\\/landing\\\/about-us\\\/horario\\\/?lang=es#primaryimage\"},\"thumbnailUrl\":\"https:\\\/\\\/www.mirjampolman.com\\\/wp-content\\\/uploads\\\/2021\\\/05\\\/shop-Mirjam-Polman-300x256.jpg\",\"datePublished\":\"2020-10-27T16:23:35+00:00\",\"dateModified\":\"2026-01-24T23:01:13+00:00\",\"description\":\"En esta p\u00e1gina de contacto encontrar\u00e1 el horario de apertura y la direcci\u00f3n de BazArt La Gomera. \u00a1Vis\u00edtenos!\",\"breadcrumb\":{\"@id\":\"https:\\\/\\\/www.mirjampolman.com\\\/landing\\\/about-us\\\/horario\\\/?lang=es#breadcrumb\"},\"inLanguage\":\"en-US\",\"potentialAction\":[{\"@type\":\"ReadAction\",\"target\":[\"https:\\\/\\\/www.mirjampolman.com\\\/landing\\\/about-us\\\/horario\\\/?lang=es\"]}]},{\"@type\":\"ImageObject\",\"inLanguage\":\"en-US\",\"@id\":\"https:\\\/\\\/www.mirjampolman.com\\\/landing\\\/about-us\\\/horario\\\/?lang=es#primaryimage\",\"url\":\"https:\\\/\\\/www.mirjampolman.com\\\/wp-content\\\/uploads\\\/2021\\\/05\\\/shop-Mirjam-Polman-300x256.jpg\",\"contentUrl\":\"https:\\\/\\\/www.mirjampolman.com\\\/wp-content\\\/uploads\\\/2021\\\/05\\\/shop-Mirjam-Polman-300x256.jpg\"},{\"@type\":\"BreadcrumbList\",\"@id\":\"https:\\\/\\\/www.mirjampolman.com\\\/landing\\\/about-us\\\/horario\\\/?lang=es#breadcrumb\",\"itemListElement\":[{\"@type\":\"ListItem\",\"position\":1,\"name\":\"Home\",\"item\":\"https:\\\/\\\/www.mirjampolman.com\\\/landing\\\/about-us\\\/\"},{\"@type\":\"ListItem\",\"position\":2,\"name\":\"Contacto\"}]},{\"@type\":\"WebSite\",\"@id\":\"https:\\\/\\\/www.mirjampolman.com\\\/landing\\\/about-us\\\/#website\",\"url\":\"https:\\\/\\\/www.mirjampolman.com\\\/landing\\\/about-us\\\/\",\"name\":\"BazArt La Gomera\",\"description\":\"Fine Art &amp; Handmade Gifts\",\"potentialAction\":[{\"@type\":\"SearchAction\",\"target\":{\"@type\":\"EntryPoint\",\"urlTemplate\":\"https:\\\/\\\/www.mirjampolman.com\\\/landing\\\/about-us\\\/?s={search_term_string}\"},\"query-input\":{\"@type\":\"PropertyValueSpecification\",\"valueRequired\":true,\"valueName\":\"search_term_string\"}}],\"inLanguage\":\"en-US\"}]}<\/script>\n<!-- \/ Yoast SEO plugin. -->","yoast_head_json":{"title":"Contacto | BazArt La Gomera Fine-Art | Caligrama","description":"En esta p\u00e1gina de contacto encontrar\u00e1 el horario de apertura y la direcci\u00f3n de BazArt La Gomera. \u00a1Vis\u00edtenos!","robots":{"index":"index","follow":"follow","max-snippet":"max-snippet:-1","max-image-preview":"max-image-preview:large","max-video-preview":"max-video-preview:-1"},"canonical":"https:\/\/www.mirjampolman.com\/landing\/about-us\/horario\/?lang=es","og_locale":"en_US","og_type":"article","og_title":"Contacto | BazArt La Gomera Fine-Art | Caligrama","og_description":"En esta p\u00e1gina de contacto encontrar\u00e1 el horario de apertura y la direcci\u00f3n de BazArt La Gomera. \u00a1Vis\u00edtenos!","og_url":"https:\/\/www.mirjampolman.com\/landing\/about-us\/horario\/?lang=es","og_site_name":"BazArt La Gomera","article_publisher":"https:\/\/www.facebook.com\/Bazartlagomera","article_modified_time":"2026-01-24T23:01:13+00:00","og_image":[{"url":"https:\/\/www.mirjampolman.com\/wp-content\/uploads\/2021\/05\/shop-Mirjam-Polman-300x256.jpg","type":"","width":"","height":""}],"twitter_card":"summary_large_image","twitter_misc":{"Est. reading time":"1 minute"},"schema":{"@context":"https:\/\/schema.org","@graph":[{"@type":"WebPage","@id":"https:\/\/www.mirjampolman.com\/landing\/about-us\/horario\/?lang=es","url":"https:\/\/www.mirjampolman.com\/landing\/about-us\/horario\/?lang=es","name":"Contacto | BazArt La Gomera Fine-Art | Caligrama","isPartOf":{"@id":"https:\/\/www.mirjampolman.com\/landing\/about-us\/#website"},"primaryImageOfPage":{"@id":"https:\/\/www.mirjampolman.com\/landing\/about-us\/horario\/?lang=es#primaryimage"},"image":{"@id":"https:\/\/www.mirjampolman.com\/landing\/about-us\/horario\/?lang=es#primaryimage"},"thumbnailUrl":"https:\/\/www.mirjampolman.com\/wp-content\/uploads\/2021\/05\/shop-Mirjam-Polman-300x256.jpg","datePublished":"2020-10-27T16:23:35+00:00","dateModified":"2026-01-24T23:01:13+00:00","description":"En esta p\u00e1gina de contacto encontrar\u00e1 el horario de apertura y la direcci\u00f3n de BazArt La Gomera. \u00a1Vis\u00edtenos!","breadcrumb":{"@id":"https:\/\/www.mirjampolman.com\/landing\/about-us\/horario\/?lang=es#breadcrumb"},"inLanguage":"en-US","potentialAction":[{"@type":"ReadAction","target":["https:\/\/www.mirjampolman.com\/landing\/about-us\/horario\/?lang=es"]}]},{"@type":"ImageObject","inLanguage":"en-US","@id":"https:\/\/www.mirjampolman.com\/landing\/about-us\/horario\/?lang=es#primaryimage","url":"https:\/\/www.mirjampolman.com\/wp-content\/uploads\/2021\/05\/shop-Mirjam-Polman-300x256.jpg","contentUrl":"https:\/\/www.mirjampolman.com\/wp-content\/uploads\/2021\/05\/shop-Mirjam-Polman-300x256.jpg"},{"@type":"BreadcrumbList","@id":"https:\/\/www.mirjampolman.com\/landing\/about-us\/horario\/?lang=es#breadcrumb","itemListElement":[{"@type":"ListItem","position":1,"name":"Home","item":"https:\/\/www.mirjampolman.com\/landing\/about-us\/"},{"@type":"ListItem","position":2,"name":"Contacto"}]},{"@type":"WebSite","@id":"https:\/\/www.mirjampolman.com\/landing\/about-us\/#website","url":"https:\/\/www.mirjampolman.com\/landing\/about-us\/","name":"BazArt La Gomera","description":"Fine Art &amp; Handmade Gifts","potentialAction":[{"@type":"SearchAction","target":{"@type":"EntryPoint","urlTemplate":"https:\/\/www.mirjampolman.com\/landing\/about-us\/?s={search_term_string}"},"query-input":{"@type":"PropertyValueSpecification","valueRequired":true,"valueName":"search_term_string"}}],"inLanguage":"en-US"}]}},"jetpack_shortlink":"https:\/\/wp.me\/P8rZK3-WV","jetpack_likes_enabled":true,"jetpack_sharing_enabled":false,"_links":{"self":[{"href":"https:\/\/www.mirjampolman.com\/landing\/about-us\/wp-json\/wp\/v2\/pages\/3653","targetHints":{"allow":["GET"]}}],"collection":[{"href":"https:\/\/www.mirjampolman.com\/landing\/about-us\/wp-json\/wp\/v2\/pages"}],"about":[{"href":"https:\/\/www.mirjampolman.com\/landing\/about-us\/wp-json\/wp\/v2\/types\/page"}],"author":[{"embeddable":true,"href":"https:\/\/www.mirjampolman.com\/landing\/about-us\/wp-json\/wp\/v2\/users\/1"}],"replies":[{"embeddable":true,"href":"https:\/\/www.mirjampolman.com\/landing\/about-us\/wp-json\/wp\/v2\/comments?post=3653"}],"version-history":[{"count":35,"href":"https:\/\/www.mirjampolman.com\/landing\/about-us\/wp-json\/wp\/v2\/pages\/3653\/revisions"}],"predecessor-version":[{"id":8416,"href":"https:\/\/www.mirjampolman.com\/landing\/about-us\/wp-json\/wp\/v2\/pages\/3653\/revisions\/8416"}],"wp:attachment":[{"href":"https:\/\/www.mirjampolman.com\/landing\/about-us\/wp-json\/wp\/v2\/media?parent=3653"}],"curies":[{"name":"wp","href":"https:\/\/api.w.org\/{rel}","templated":true}]}}