{"id":4506,"date":"2021-09-28T12:55:44","date_gmt":"2021-09-28T11:55:44","guid":{"rendered":"https:\/\/www.mirjampolman.com\/landing\/?page_id=4506"},"modified":"2026-01-24T21:57:38","modified_gmt":"2026-01-24T22:57:38","slug":"oeffnungszeiten","status":"publish","type":"page","link":"https:\/\/www.mirjampolman.com\/landing\/about-us\/oeffnungszeiten\/?lang=de","title":{"rendered":"Kontakt"},"content":{"rendered":"<h5><\/h5>\n<p><b><br \/>\n<img data-recalc-dims=\"1\" loading=\"lazy\" decoding=\"async\" class=\"alignright wp-image-4135 size-medium\" src=\"https:\/\/i0.wp.com\/www.mirjampolman.com\/wp-content\/uploads\/2021\/05\/shop-Mirjam-Polman.jpg?resize=300%2C256&#038;ssl=1\" alt=\"Kontakt seite f\u00fcr den Shop und das Studio von BazArt La Gomera. Das Foto zeigt die Au\u00dfenseite des Shops mit zwei gro\u00dfen offenen T\u00fcren.\" width=\"300\" height=\"256\" \/><\/b><em>Laden &amp; Studio:<\/em><br \/>\nCalle Virgen de la Guadalupe 1<br \/>\n38800 San Sebastian<\/p>\n<p style=\"text-align: left;\">\u00d6ffnungszeiten:<\/p>\n<p style=\"text-align: left;\">Dienstag &#8211; Freitag\u00a0 \u00a0 \u00a0 \u00a0 \u00a0 \u00a0 : 10.30 &#8211; 17.00<\/p>\n<p style=\"text-align: left;\">Samstag\u00a0 \u00a0 \u00a0 \u00a0 \u00a0 \u00a0 \u00a0 \u00a0 \u00a0 \u00a0 \u00a0 \u00a0 \u00a0 \u00a0 : 10.30 &#8211; 14.00<\/p>\n<p>Haben Sie Fragen? Senden Sie uns gerne eine <a href=\"mailto:bazartlagomera@proton.me\">E-Mail<\/a>.<\/p>\n<p>&nbsp;<\/p>\n<p><em>Sie finden meine Kunst auch in diesen Shops<\/em>:<\/p>\n<p><a href=\"https:\/\/www.etnograficolagomera.com\/compra\/\" target=\"_blank\" rel=\"noopener\">Los Telares<\/a><br \/>\nEl Patronato<br \/>\n38820 Hermigua<\/p>\n<p><a href=\"https:\/\/www.instagram.com\/soniamedinaupcycling\/\" target=\"_blank\" rel=\"noopener\">Sonia Medina<\/a><br \/>\nC\/ Abesinia 8<br \/>\nVueltas<br \/>\nValle Gran Rey<\/p>\n<p>&nbsp;<\/p>\n","protected":false},"excerpt":{"rendered":"<p>Laden &amp; Studio: Calle Virgen de la Guadalupe 1 38800 San Sebastian \u00d6ffnungszeiten: Dienstag &#8211; Freitag\u00a0 \u00a0 \u00a0 \u00a0 \u00a0 \u00a0 : 10.30 &#8211; 17.00 Samstag\u00a0 \u00a0 \u00a0 \u00a0 \u00a0 \u00a0 \u00a0 \u00a0 \u00a0 \u00a0 \u00a0 \u00a0 \u00a0 \u00a0 : 10.30 &#8211; 14.00 Haben Sie Fragen? Senden Sie uns gerne eine E-Mail. &nbsp; Sie finden&hellip;&nbsp;<\/p>\n","protected":false},"author":1,"featured_media":0,"parent":0,"menu_order":0,"comment_status":"closed","ping_status":"closed","template":"","meta":{"neve_meta_sidebar":"","neve_meta_container":"","neve_meta_enable_content_width":"off","neve_meta_content_width":100,"neve_meta_title_alignment":"","neve_meta_author_avatar":"","neve_post_elements_order":"","neve_meta_disable_header":"","neve_meta_disable_footer":"","neve_meta_disable_title":"on","jetpack_post_was_ever_published":false,"footnotes":""},"class_list":["post-4506","page","type-page","status-publish","hentry"],"yoast_head":"<!-- This site is optimized with the Yoast SEO plugin v27.5 - https:\/\/yoast.com\/product\/yoast-seo-wordpress\/ -->\n<title>Kontakt - BazArt La Gomera<\/title>\n<meta name=\"description\" content=\"Auf der Kontakt seite von BazArt La Gomera finden Sie die \u00d6ffnungszeiten und die Adresse von BazArt La Gomera.\" \/>\n<meta name=\"robots\" content=\"index, follow, max-snippet:-1, max-image-preview:large, max-video-preview:-1\" \/>\n<link rel=\"canonical\" href=\"https:\/\/www.mirjampolman.com\/landing\/about-us\/oeffnungszeiten\/?lang=de\" \/>\n<meta property=\"og:locale\" content=\"en_US\" \/>\n<meta property=\"og:type\" content=\"article\" \/>\n<meta property=\"og:title\" content=\"Kontakt - BazArt La Gomera\" \/>\n<meta property=\"og:description\" content=\"Auf der Kontakt seite von BazArt La Gomera finden Sie die \u00d6ffnungszeiten und die Adresse von BazArt La Gomera.\" \/>\n<meta property=\"og:url\" content=\"https:\/\/www.mirjampolman.com\/landing\/about-us\/oeffnungszeiten\/?lang=de\" \/>\n<meta property=\"og:site_name\" content=\"BazArt La Gomera\" \/>\n<meta property=\"article:publisher\" content=\"https:\/\/www.facebook.com\/Bazartlagomera\" \/>\n<meta property=\"article:modified_time\" content=\"2026-01-24T22:57:38+00:00\" \/>\n<meta property=\"og:image\" content=\"https:\/\/www.mirjampolman.com\/wp-content\/uploads\/2021\/05\/shop-Mirjam-Polman-300x256.jpg\" \/>\n<meta name=\"twitter:card\" content=\"summary_large_image\" \/>\n<meta name=\"twitter:label1\" content=\"Est. reading time\" \/>\n\t<meta name=\"twitter:data1\" content=\"1 minute\" \/>\n<script type=\"application\/ld+json\" class=\"yoast-schema-graph\">{\"@context\":\"https:\\\/\\\/schema.org\",\"@graph\":[{\"@type\":\"WebPage\",\"@id\":\"https:\\\/\\\/www.mirjampolman.com\\\/landing\\\/about-us\\\/oeffnungszeiten\\\/?lang=de\",\"url\":\"https:\\\/\\\/www.mirjampolman.com\\\/landing\\\/about-us\\\/oeffnungszeiten\\\/?lang=de\",\"name\":\"Kontakt - BazArt La Gomera\",\"isPartOf\":{\"@id\":\"https:\\\/\\\/www.mirjampolman.com\\\/landing\\\/about-us\\\/#website\"},\"primaryImageOfPage\":{\"@id\":\"https:\\\/\\\/www.mirjampolman.com\\\/landing\\\/about-us\\\/oeffnungszeiten\\\/?lang=de#primaryimage\"},\"image\":{\"@id\":\"https:\\\/\\\/www.mirjampolman.com\\\/landing\\\/about-us\\\/oeffnungszeiten\\\/?lang=de#primaryimage\"},\"thumbnailUrl\":\"https:\\\/\\\/www.mirjampolman.com\\\/wp-content\\\/uploads\\\/2021\\\/05\\\/shop-Mirjam-Polman-300x256.jpg\",\"datePublished\":\"2021-09-28T11:55:44+00:00\",\"dateModified\":\"2026-01-24T22:57:38+00:00\",\"description\":\"Auf der Kontakt seite von BazArt La Gomera finden Sie die \u00d6ffnungszeiten und die Adresse von BazArt La Gomera.\",\"breadcrumb\":{\"@id\":\"https:\\\/\\\/www.mirjampolman.com\\\/landing\\\/about-us\\\/oeffnungszeiten\\\/?lang=de#breadcrumb\"},\"inLanguage\":\"en-US\",\"potentialAction\":[{\"@type\":\"ReadAction\",\"target\":[\"https:\\\/\\\/www.mirjampolman.com\\\/landing\\\/about-us\\\/oeffnungszeiten\\\/?lang=de\"]}]},{\"@type\":\"ImageObject\",\"inLanguage\":\"en-US\",\"@id\":\"https:\\\/\\\/www.mirjampolman.com\\\/landing\\\/about-us\\\/oeffnungszeiten\\\/?lang=de#primaryimage\",\"url\":\"https:\\\/\\\/www.mirjampolman.com\\\/wp-content\\\/uploads\\\/2021\\\/05\\\/shop-Mirjam-Polman-300x256.jpg\",\"contentUrl\":\"https:\\\/\\\/www.mirjampolman.com\\\/wp-content\\\/uploads\\\/2021\\\/05\\\/shop-Mirjam-Polman-300x256.jpg\"},{\"@type\":\"BreadcrumbList\",\"@id\":\"https:\\\/\\\/www.mirjampolman.com\\\/landing\\\/about-us\\\/oeffnungszeiten\\\/?lang=de#breadcrumb\",\"itemListElement\":[{\"@type\":\"ListItem\",\"position\":1,\"name\":\"Home\",\"item\":\"https:\\\/\\\/www.mirjampolman.com\\\/landing\\\/about-us\\\/\"},{\"@type\":\"ListItem\",\"position\":2,\"name\":\"Kontakt\"}]},{\"@type\":\"WebSite\",\"@id\":\"https:\\\/\\\/www.mirjampolman.com\\\/landing\\\/about-us\\\/#website\",\"url\":\"https:\\\/\\\/www.mirjampolman.com\\\/landing\\\/about-us\\\/\",\"name\":\"BazArt La Gomera\",\"description\":\"Fine Art &amp; Handmade Gifts\",\"potentialAction\":[{\"@type\":\"SearchAction\",\"target\":{\"@type\":\"EntryPoint\",\"urlTemplate\":\"https:\\\/\\\/www.mirjampolman.com\\\/landing\\\/about-us\\\/?s={search_term_string}\"},\"query-input\":{\"@type\":\"PropertyValueSpecification\",\"valueRequired\":true,\"valueName\":\"search_term_string\"}}],\"inLanguage\":\"en-US\"}]}<\/script>\n<!-- \/ Yoast SEO plugin. -->","yoast_head_json":{"title":"Kontakt - BazArt La Gomera","description":"Auf der Kontakt seite von BazArt La Gomera finden Sie die \u00d6ffnungszeiten und die Adresse von BazArt La Gomera.","robots":{"index":"index","follow":"follow","max-snippet":"max-snippet:-1","max-image-preview":"max-image-preview:large","max-video-preview":"max-video-preview:-1"},"canonical":"https:\/\/www.mirjampolman.com\/landing\/about-us\/oeffnungszeiten\/?lang=de","og_locale":"en_US","og_type":"article","og_title":"Kontakt - BazArt La Gomera","og_description":"Auf der Kontakt seite von BazArt La Gomera finden Sie die \u00d6ffnungszeiten und die Adresse von BazArt La Gomera.","og_url":"https:\/\/www.mirjampolman.com\/landing\/about-us\/oeffnungszeiten\/?lang=de","og_site_name":"BazArt La Gomera","article_publisher":"https:\/\/www.facebook.com\/Bazartlagomera","article_modified_time":"2026-01-24T22:57:38+00:00","og_image":[{"url":"https:\/\/www.mirjampolman.com\/wp-content\/uploads\/2021\/05\/shop-Mirjam-Polman-300x256.jpg","type":"","width":"","height":""}],"twitter_card":"summary_large_image","twitter_misc":{"Est. reading time":"1 minute"},"schema":{"@context":"https:\/\/schema.org","@graph":[{"@type":"WebPage","@id":"https:\/\/www.mirjampolman.com\/landing\/about-us\/oeffnungszeiten\/?lang=de","url":"https:\/\/www.mirjampolman.com\/landing\/about-us\/oeffnungszeiten\/?lang=de","name":"Kontakt - BazArt La Gomera","isPartOf":{"@id":"https:\/\/www.mirjampolman.com\/landing\/about-us\/#website"},"primaryImageOfPage":{"@id":"https:\/\/www.mirjampolman.com\/landing\/about-us\/oeffnungszeiten\/?lang=de#primaryimage"},"image":{"@id":"https:\/\/www.mirjampolman.com\/landing\/about-us\/oeffnungszeiten\/?lang=de#primaryimage"},"thumbnailUrl":"https:\/\/www.mirjampolman.com\/wp-content\/uploads\/2021\/05\/shop-Mirjam-Polman-300x256.jpg","datePublished":"2021-09-28T11:55:44+00:00","dateModified":"2026-01-24T22:57:38+00:00","description":"Auf der Kontakt seite von BazArt La Gomera finden Sie die \u00d6ffnungszeiten und die Adresse von BazArt La Gomera.","breadcrumb":{"@id":"https:\/\/www.mirjampolman.com\/landing\/about-us\/oeffnungszeiten\/?lang=de#breadcrumb"},"inLanguage":"en-US","potentialAction":[{"@type":"ReadAction","target":["https:\/\/www.mirjampolman.com\/landing\/about-us\/oeffnungszeiten\/?lang=de"]}]},{"@type":"ImageObject","inLanguage":"en-US","@id":"https:\/\/www.mirjampolman.com\/landing\/about-us\/oeffnungszeiten\/?lang=de#primaryimage","url":"https:\/\/www.mirjampolman.com\/wp-content\/uploads\/2021\/05\/shop-Mirjam-Polman-300x256.jpg","contentUrl":"https:\/\/www.mirjampolman.com\/wp-content\/uploads\/2021\/05\/shop-Mirjam-Polman-300x256.jpg"},{"@type":"BreadcrumbList","@id":"https:\/\/www.mirjampolman.com\/landing\/about-us\/oeffnungszeiten\/?lang=de#breadcrumb","itemListElement":[{"@type":"ListItem","position":1,"name":"Home","item":"https:\/\/www.mirjampolman.com\/landing\/about-us\/"},{"@type":"ListItem","position":2,"name":"Kontakt"}]},{"@type":"WebSite","@id":"https:\/\/www.mirjampolman.com\/landing\/about-us\/#website","url":"https:\/\/www.mirjampolman.com\/landing\/about-us\/","name":"BazArt La Gomera","description":"Fine Art &amp; Handmade Gifts","potentialAction":[{"@type":"SearchAction","target":{"@type":"EntryPoint","urlTemplate":"https:\/\/www.mirjampolman.com\/landing\/about-us\/?s={search_term_string}"},"query-input":{"@type":"PropertyValueSpecification","valueRequired":true,"valueName":"search_term_string"}}],"inLanguage":"en-US"}]}},"jetpack_shortlink":"https:\/\/wp.me\/P8rZK3-1aG","jetpack_likes_enabled":true,"jetpack_sharing_enabled":true,"_links":{"self":[{"href":"https:\/\/www.mirjampolman.com\/landing\/about-us\/wp-json\/wp\/v2\/pages\/4506","targetHints":{"allow":["GET"]}}],"collection":[{"href":"https:\/\/www.mirjampolman.com\/landing\/about-us\/wp-json\/wp\/v2\/pages"}],"about":[{"href":"https:\/\/www.mirjampolman.com\/landing\/about-us\/wp-json\/wp\/v2\/types\/page"}],"author":[{"embeddable":true,"href":"https:\/\/www.mirjampolman.com\/landing\/about-us\/wp-json\/wp\/v2\/users\/1"}],"replies":[{"embeddable":true,"href":"https:\/\/www.mirjampolman.com\/landing\/about-us\/wp-json\/wp\/v2\/comments?post=4506"}],"version-history":[{"count":22,"href":"https:\/\/www.mirjampolman.com\/landing\/about-us\/wp-json\/wp\/v2\/pages\/4506\/revisions"}],"predecessor-version":[{"id":8415,"href":"https:\/\/www.mirjampolman.com\/landing\/about-us\/wp-json\/wp\/v2\/pages\/4506\/revisions\/8415"}],"wp:attachment":[{"href":"https:\/\/www.mirjampolman.com\/landing\/about-us\/wp-json\/wp\/v2\/media?parent=4506"}],"curies":[{"name":"wp","href":"https:\/\/api.w.org\/{rel}","templated":true}]}}