{"id":5006,"date":"2020-10-27T16:13:25","date_gmt":"2020-10-27T16:13:25","guid":{"rendered":"https:\/\/www.mirjampolman.com\/landing\/about-us\/privacyverklaring\/"},"modified":"2022-06-08T22:42:05","modified_gmt":"2022-06-08T23:42:05","slug":"datenschutzerklaerung","status":"publish","type":"page","link":"https:\/\/www.mirjampolman.com\/landing\/about-us\/datenschutzerklaerung\/?lang=de","title":{"rendered":"Datenschutzerkl\u00e4rung"},"content":{"rendered":"<p><strong>Wer sind wir?<\/strong><\/p>\n<p>Unsere Website-Adresse lautet: https:\/\/www.bazart.es<\/p>\n<p>Welche personenbezogenen Daten wir sammeln<\/p>\n<p>Bei einer Bestellung werden Ihre Daten und Metadaten w\u00e4hrend des Bestellvorgangs gespeichert. Nach Auslieferung Ihrer Bestellung werden Ihre Daten von uns gel\u00f6scht.<\/p>\n<p><strong>Eingebettete Inhalte von anderen Websites<\/strong><\/p>\n<p>Nachrichten auf dieser Website k\u00f6nnen eingebettete (eingebettete) Inhalte enthalten (z. B. Videos, Bilder, Nachrichten usw.). Eingebettete Inhalte von anderen Websites verhalten sich genau so, als ob der Besucher diese andere Website besucht h\u00e4tte.<\/p>\n<p>Diese Websites k\u00f6nnen Daten \u00fcber Sie sammeln, Cookies verwenden, Tracking von Drittanbietern einbetten und Ihre Interaktion mit diesen eingebetteten Inhalten \u00fcberwachen, einschlie\u00dflich der Interaktion mit eingebetteten Inhalten, wenn Sie ein Konto haben und auf dieser Website angemeldet sind.<\/p>\n<p><strong>Wie lange bewahren wir Ihre Daten auf?<\/strong><\/p>\n<p>Bei einer Bestellung werden Ihre Daten und Metadaten w\u00e4hrend des Bestellvorgangs gespeichert. Nach Auslieferung Ihrer Bestellung werden Ihre Daten von uns gel\u00f6scht.<\/p>\n","protected":false},"excerpt":{"rendered":"<p>Wer sind wir? Unsere Website-Adresse lautet: https:\/\/www.bazart.es Welche personenbezogenen Daten wir sammeln Bei einer Bestellung werden Ihre Daten und Metadaten w\u00e4hrend des Bestellvorgangs gespeichert. Nach Auslieferung Ihrer Bestellung werden Ihre Daten von uns gel\u00f6scht. Eingebettete Inhalte von anderen Websites Nachrichten auf dieser Website k\u00f6nnen eingebettete (eingebettete) Inhalte enthalten (z. B. Videos, Bilder, Nachrichten usw.). Eingebettete&hellip;&nbsp;<\/p>\n","protected":false},"author":1,"featured_media":0,"parent":0,"menu_order":0,"comment_status":"closed","ping_status":"closed","template":"","meta":{"neve_meta_sidebar":"","neve_meta_container":"","neve_meta_enable_content_width":"","neve_meta_content_width":0,"neve_meta_title_alignment":"","neve_meta_author_avatar":"","neve_post_elements_order":"","neve_meta_disable_header":"","neve_meta_disable_footer":"","neve_meta_disable_title":"","jetpack_post_was_ever_published":false,"footnotes":""},"class_list":["post-5006","page","type-page","status-publish","hentry"],"yoast_head":"<!-- This site is optimized with the Yoast SEO plugin v27.4 - https:\/\/yoast.com\/product\/yoast-seo-wordpress\/ -->\n<title>Datenschutzerkl\u00e4rung - BazArt La Gomera<\/title>\n<meta name=\"robots\" content=\"index, follow, max-snippet:-1, max-image-preview:large, max-video-preview:-1\" \/>\n<link rel=\"canonical\" href=\"https:\/\/www.mirjampolman.com\/landing\/about-us\/datenschutzerklaerung\/?lang=de\" \/>\n<meta property=\"og:locale\" content=\"en_US\" \/>\n<meta property=\"og:type\" content=\"article\" \/>\n<meta property=\"og:title\" content=\"Datenschutzerkl\u00e4rung - BazArt La Gomera\" \/>\n<meta property=\"og:description\" content=\"Wer sind wir? Unsere Website-Adresse lautet: https:\/\/www.bazart.es Welche personenbezogenen Daten wir sammeln Bei einer Bestellung werden Ihre Daten und Metadaten w\u00e4hrend des Bestellvorgangs gespeichert. Nach Auslieferung Ihrer Bestellung werden Ihre Daten von uns gel\u00f6scht. Eingebettete Inhalte von anderen Websites Nachrichten auf dieser Website k\u00f6nnen eingebettete (eingebettete) Inhalte enthalten (z. B. Videos, Bilder, Nachrichten usw.). Eingebettete&hellip;&nbsp;\" \/>\n<meta property=\"og:url\" content=\"https:\/\/www.mirjampolman.com\/landing\/about-us\/datenschutzerklaerung\/?lang=de\" \/>\n<meta property=\"og:site_name\" content=\"BazArt La Gomera\" \/>\n<meta property=\"article:publisher\" content=\"https:\/\/www.facebook.com\/Bazartlagomera\" \/>\n<meta property=\"article:modified_time\" content=\"2022-06-08T23:42:05+00:00\" \/>\n<meta name=\"twitter:card\" content=\"summary_large_image\" \/>\n<meta name=\"twitter:label1\" content=\"Est. reading time\" \/>\n\t<meta name=\"twitter:data1\" content=\"1 minute\" \/>\n<script type=\"application\/ld+json\" class=\"yoast-schema-graph\">{\"@context\":\"https:\\\/\\\/schema.org\",\"@graph\":[{\"@type\":\"WebPage\",\"@id\":\"https:\\\/\\\/www.mirjampolman.com\\\/landing\\\/about-us\\\/datenschutzerklaerung\\\/?lang=de\",\"url\":\"https:\\\/\\\/www.mirjampolman.com\\\/landing\\\/about-us\\\/datenschutzerklaerung\\\/?lang=de\",\"name\":\"Datenschutzerkl\u00e4rung - BazArt La Gomera\",\"isPartOf\":{\"@id\":\"https:\\\/\\\/www.mirjampolman.com\\\/landing\\\/about-us\\\/#website\"},\"datePublished\":\"2020-10-27T16:13:25+00:00\",\"dateModified\":\"2022-06-08T23:42:05+00:00\",\"breadcrumb\":{\"@id\":\"https:\\\/\\\/www.mirjampolman.com\\\/landing\\\/about-us\\\/datenschutzerklaerung\\\/?lang=de#breadcrumb\"},\"inLanguage\":\"en-US\",\"potentialAction\":[{\"@type\":\"ReadAction\",\"target\":[\"https:\\\/\\\/www.mirjampolman.com\\\/landing\\\/about-us\\\/datenschutzerklaerung\\\/?lang=de\"]}]},{\"@type\":\"BreadcrumbList\",\"@id\":\"https:\\\/\\\/www.mirjampolman.com\\\/landing\\\/about-us\\\/datenschutzerklaerung\\\/?lang=de#breadcrumb\",\"itemListElement\":[{\"@type\":\"ListItem\",\"position\":1,\"name\":\"Home\",\"item\":\"https:\\\/\\\/www.mirjampolman.com\\\/landing\\\/about-us\\\/\"},{\"@type\":\"ListItem\",\"position\":2,\"name\":\"Datenschutzerkl\u00e4rung\"}]},{\"@type\":\"WebSite\",\"@id\":\"https:\\\/\\\/www.mirjampolman.com\\\/landing\\\/about-us\\\/#website\",\"url\":\"https:\\\/\\\/www.mirjampolman.com\\\/landing\\\/about-us\\\/\",\"name\":\"BazArt La Gomera\",\"description\":\"Fine Art &amp; Handmade Gifts\",\"potentialAction\":[{\"@type\":\"SearchAction\",\"target\":{\"@type\":\"EntryPoint\",\"urlTemplate\":\"https:\\\/\\\/www.mirjampolman.com\\\/landing\\\/about-us\\\/?s={search_term_string}\"},\"query-input\":{\"@type\":\"PropertyValueSpecification\",\"valueRequired\":true,\"valueName\":\"search_term_string\"}}],\"inLanguage\":\"en-US\"}]}<\/script>\n<!-- \/ Yoast SEO plugin. -->","yoast_head_json":{"title":"Datenschutzerkl\u00e4rung - BazArt La Gomera","robots":{"index":"index","follow":"follow","max-snippet":"max-snippet:-1","max-image-preview":"max-image-preview:large","max-video-preview":"max-video-preview:-1"},"canonical":"https:\/\/www.mirjampolman.com\/landing\/about-us\/datenschutzerklaerung\/?lang=de","og_locale":"en_US","og_type":"article","og_title":"Datenschutzerkl\u00e4rung - BazArt La Gomera","og_description":"Wer sind wir? Unsere Website-Adresse lautet: https:\/\/www.bazart.es Welche personenbezogenen Daten wir sammeln Bei einer Bestellung werden Ihre Daten und Metadaten w\u00e4hrend des Bestellvorgangs gespeichert. Nach Auslieferung Ihrer Bestellung werden Ihre Daten von uns gel\u00f6scht. Eingebettete Inhalte von anderen Websites Nachrichten auf dieser Website k\u00f6nnen eingebettete (eingebettete) Inhalte enthalten (z. B. Videos, Bilder, Nachrichten usw.). Eingebettete&hellip;&nbsp;","og_url":"https:\/\/www.mirjampolman.com\/landing\/about-us\/datenschutzerklaerung\/?lang=de","og_site_name":"BazArt La Gomera","article_publisher":"https:\/\/www.facebook.com\/Bazartlagomera","article_modified_time":"2022-06-08T23:42:05+00:00","twitter_card":"summary_large_image","twitter_misc":{"Est. reading time":"1 minute"},"schema":{"@context":"https:\/\/schema.org","@graph":[{"@type":"WebPage","@id":"https:\/\/www.mirjampolman.com\/landing\/about-us\/datenschutzerklaerung\/?lang=de","url":"https:\/\/www.mirjampolman.com\/landing\/about-us\/datenschutzerklaerung\/?lang=de","name":"Datenschutzerkl\u00e4rung - BazArt La Gomera","isPartOf":{"@id":"https:\/\/www.mirjampolman.com\/landing\/about-us\/#website"},"datePublished":"2020-10-27T16:13:25+00:00","dateModified":"2022-06-08T23:42:05+00:00","breadcrumb":{"@id":"https:\/\/www.mirjampolman.com\/landing\/about-us\/datenschutzerklaerung\/?lang=de#breadcrumb"},"inLanguage":"en-US","potentialAction":[{"@type":"ReadAction","target":["https:\/\/www.mirjampolman.com\/landing\/about-us\/datenschutzerklaerung\/?lang=de"]}]},{"@type":"BreadcrumbList","@id":"https:\/\/www.mirjampolman.com\/landing\/about-us\/datenschutzerklaerung\/?lang=de#breadcrumb","itemListElement":[{"@type":"ListItem","position":1,"name":"Home","item":"https:\/\/www.mirjampolman.com\/landing\/about-us\/"},{"@type":"ListItem","position":2,"name":"Datenschutzerkl\u00e4rung"}]},{"@type":"WebSite","@id":"https:\/\/www.mirjampolman.com\/landing\/about-us\/#website","url":"https:\/\/www.mirjampolman.com\/landing\/about-us\/","name":"BazArt La Gomera","description":"Fine Art &amp; Handmade Gifts","potentialAction":[{"@type":"SearchAction","target":{"@type":"EntryPoint","urlTemplate":"https:\/\/www.mirjampolman.com\/landing\/about-us\/?s={search_term_string}"},"query-input":{"@type":"PropertyValueSpecification","valueRequired":true,"valueName":"search_term_string"}}],"inLanguage":"en-US"}]}},"jetpack_shortlink":"https:\/\/wp.me\/P8rZK3-1iK","jetpack_likes_enabled":true,"jetpack_sharing_enabled":true,"_links":{"self":[{"href":"https:\/\/www.mirjampolman.com\/landing\/about-us\/wp-json\/wp\/v2\/pages\/5006","targetHints":{"allow":["GET"]}}],"collection":[{"href":"https:\/\/www.mirjampolman.com\/landing\/about-us\/wp-json\/wp\/v2\/pages"}],"about":[{"href":"https:\/\/www.mirjampolman.com\/landing\/about-us\/wp-json\/wp\/v2\/types\/page"}],"author":[{"embeddable":true,"href":"https:\/\/www.mirjampolman.com\/landing\/about-us\/wp-json\/wp\/v2\/users\/1"}],"replies":[{"embeddable":true,"href":"https:\/\/www.mirjampolman.com\/landing\/about-us\/wp-json\/wp\/v2\/comments?post=5006"}],"version-history":[{"count":2,"href":"https:\/\/www.mirjampolman.com\/landing\/about-us\/wp-json\/wp\/v2\/pages\/5006\/revisions"}],"predecessor-version":[{"id":5008,"href":"https:\/\/www.mirjampolman.com\/landing\/about-us\/wp-json\/wp\/v2\/pages\/5006\/revisions\/5008"}],"wp:attachment":[{"href":"https:\/\/www.mirjampolman.com\/landing\/about-us\/wp-json\/wp\/v2\/media?parent=5006"}],"curies":[{"name":"wp","href":"https:\/\/api.w.org\/{rel}","templated":true}]}}