{"id":8066,"date":"2025-06-14T21:08:53","date_gmt":"2025-06-14T22:08:53","guid":{"rendered":"https:\/\/www.mirjampolman.com\/landing\/about-us\/calligram-art\/"},"modified":"2025-06-23T13:31:30","modified_gmt":"2025-06-23T14:31:30","slug":"arte-caligrama","status":"publish","type":"page","link":"https:\/\/www.mirjampolman.com\/landing\/about-us\/arte-caligrama\/?lang=es","title":{"rendered":"Arte Caligrama"},"content":{"rendered":"<p>&nbsp;<\/p>\n<p><a href=\"https:\/\/www.mirjampolman.com\/wp-content\/uploads\/2022\/06\/cropped-Woo_Hartjes_detail_schrijf-e1746484466411.jpg\"><br \/>\n<\/a><img data-recalc-dims=\"1\" loading=\"lazy\" decoding=\"async\" class=\"alignright wp-image-7930\" src=\"https:\/\/i0.wp.com\/www.mirjampolman.com\/wp-content\/uploads\/2022\/06\/cropped-Woo_Hartjes_detail_schrijf-e1746484466411.jpg?resize=300%2C299&#038;ssl=1\" alt=\"caligrama arte. texto escrito a mano en rojo y negro.\" width=\"300\" height=\"299\" srcset=\"https:\/\/i0.wp.com\/www.mirjampolman.com\/wp-content\/uploads\/2022\/06\/cropped-Woo_Hartjes_detail_schrijf-e1746484466411.jpg?w=739&amp;ssl=1 739w, https:\/\/i0.wp.com\/www.mirjampolman.com\/wp-content\/uploads\/2022\/06\/cropped-Woo_Hartjes_detail_schrijf-e1746484466411.jpg?resize=300%2C300&amp;ssl=1 300w, https:\/\/i0.wp.com\/www.mirjampolman.com\/wp-content\/uploads\/2022\/06\/cropped-Woo_Hartjes_detail_schrijf-e1746484466411.jpg?resize=150%2C150&amp;ssl=1 150w\" sizes=\"auto, (max-width: 300px) 100vw, 300px\" \/>Arte Caligrama &#8211; Mirjam Polman<\/p>\n<p><em>&#8220;Un caligrama es un texto organizado de forma que forma una imagen tem\u00e1tica. Puede ser un poema, una frase o una sola palabra.&#8221;<\/em> Fuente: <a href=\"https:\/\/en.wikipedia.org\/wiki\/Calligram\" target=\"_blank\" rel=\"noopener\">Wikipedia<\/a><\/p>\n<p>Mirjam es una escritora de caligramas contempor\u00e1nea que utiliza esta t\u00e9cnica en su arte. Vive y trabaja en La Gomera, una de las islas m\u00e1s peque\u00f1as del archipi\u00e9lago canario. Su obra se vende a clientes de todo el mundo.<\/p>\n<h5>Contando palabras<\/h5>\n<p>Cuando Mirjam crea un arte caligrama, escribe cientos de veces palabras, un texto o un nombre, para formar y crear una imagen. Las escribe en letras peque\u00f1as, pero legibles. Mientras escribe, cuenta las palabras escritas y las lleva la cuenta. Al terminar la obra, se conoce el n\u00famero total de palabras. El n\u00famero total de palabras se escribe en el anverso, junto con sus iniciales.<\/p>\n<p>El resultado es una obra de arte \u00fanica que requiere una segunda mirada para comprender c\u00f3mo est\u00e1 hecha. Primero de lejos para una visi\u00f3n completa, luego de cerca para apreciar los detalles de las palabras a\u00fan legibles. Una cabeza de le\u00f3n, una jirafa de 1,8 metros de altura, una figura de yoga o de Buda, insectos o una impresionante concha de nautilus&#8230; El trabajo libre de Mirjam es muy variado y diverso.<\/p>\n<h5>Pedidos personalizados<\/h5>\n<p>En los \u00faltimos a\u00f1os, Mirjam ha recibido numerosos pedidos personalizados, todos ellos escribiendo cientos de veces el nombre de la persona. Desde un recuerdo especial de<a href=\"https:\/\/www.mirjampolman.com\/landing\/about-us\/fingerprint-memorial\/?lang=es\" target=\"_blank\" rel=\"noopener\"> un ser querido fallecido<\/a> en forma de huella dactilar, <a href=\"https:\/\/www.etsy.com\/nl\/listing\/1795730932\/wordart-huwelijksharten-namen-kalligram?ref=shop_home_active_31&amp;frs=1&amp;sca=1&amp;logging_key=0bd3323f900a95c3295b032a4022261e038ee17c%3A1795730932\" target=\"_blank\" rel=\"noopener\">corazones bicolores<\/a> o anillos para una boda o aniversario, tiernos pies de beb\u00e9 para reci\u00e9n nacidos o im\u00e1genes ideales como una ballena o un velero para <a href=\"https:\/\/www.etsy.com\/listing\/1809898845\/wordart-whale-made-with-handwritten-text?ref=shop_home_feat_4&amp;frs=1&amp;logging_key=ed369df985056da88e2f358b9fa583f89e2e5f8b%3A1809898845\" target=\"_blank\" rel=\"noopener\">un bautizo<\/a>&#8230; \u00a1Las posibilidades son infinitas!<\/p>\n<p>Al escribir el nombre cientos de veces en la imagen, \u00a1todos se convierten en regalos personalizados para toda la vida!<\/p>\n<p>Si quieres ver m\u00e1s trabajos, \u00a1visita <a href=\"https:\/\/www.mirjampolman.com\/landing\/about-us\/online-shop\/\" target=\"_blank\" rel=\"noopener\">la tienda online<\/a>!<\/p>\n<p>&nbsp;<\/p>\n","protected":false},"excerpt":{"rendered":"<p>&nbsp; Arte Caligrama &#8211; Mirjam Polman &#8220;Un caligrama es un texto organizado de forma que forma una imagen tem\u00e1tica. Puede ser un poema, una frase o una sola palabra.&#8221; Fuente: Wikipedia Mirjam es una escritora de caligramas contempor\u00e1nea que utiliza esta t\u00e9cnica en su arte. Vive y trabaja en La Gomera, una de las islas&hellip;&nbsp;<\/p>\n","protected":false},"author":1,"featured_media":0,"parent":0,"menu_order":0,"comment_status":"closed","ping_status":"closed","template":"","meta":{"neve_meta_sidebar":"","neve_meta_container":"","neve_meta_enable_content_width":"off","neve_meta_content_width":100,"neve_meta_title_alignment":"","neve_meta_author_avatar":"","neve_post_elements_order":"","neve_meta_disable_header":"","neve_meta_disable_footer":"","neve_meta_disable_title":"on","jetpack_post_was_ever_published":false,"footnotes":""},"class_list":["post-8066","page","type-page","status-publish","hentry"],"yoast_head":"<!-- This site is optimized with the Yoast SEO plugin v27.4 - https:\/\/yoast.com\/product\/yoast-seo-wordpress\/ -->\n<title>Arte Caligrama - BazArt La Gomera<\/title>\n<meta name=\"description\" content=\"Encarga tu propio Arte Caligrama. Una imagen escrita a mano con un texto es el regalo super original. \u00a1Las posibilidades son infinitas!\" \/>\n<meta name=\"robots\" content=\"index, follow, max-snippet:-1, max-image-preview:large, max-video-preview:-1\" \/>\n<link rel=\"canonical\" href=\"https:\/\/www.mirjampolman.com\/landing\/about-us\/?lang=es\" \/>\n<meta property=\"og:locale\" content=\"en_US\" \/>\n<meta property=\"og:type\" content=\"article\" \/>\n<meta property=\"og:title\" content=\"Arte Caligrama - BazArt La Gomera\" \/>\n<meta property=\"og:description\" content=\"Encarga tu propio Arte Caligrama. Una imagen escrita a mano con un texto es el regalo super original. \u00a1Las posibilidades son infinitas!\" \/>\n<meta property=\"og:url\" content=\"https:\/\/www.mirjampolman.com\/landing\/about-us\/?lang=es\" \/>\n<meta property=\"og:site_name\" content=\"BazArt La Gomera\" \/>\n<meta property=\"article:publisher\" content=\"https:\/\/www.facebook.com\/Bazartlagomera\" \/>\n<meta property=\"article:modified_time\" content=\"2025-06-23T14:31:30+00:00\" \/>\n<meta property=\"og:image\" content=\"https:\/\/www.mirjampolman.com\/wp-content\/uploads\/2022\/06\/cropped-Woo_Hartjes_detail_schrijf-e1746484466411.jpg\" \/>\n<meta name=\"twitter:card\" content=\"summary_large_image\" \/>\n<meta name=\"twitter:label1\" content=\"Est. reading time\" \/>\n\t<meta name=\"twitter:data1\" content=\"2 minutes\" \/>\n<script type=\"application\/ld+json\" class=\"yoast-schema-graph\">{\"@context\":\"https:\\\/\\\/schema.org\",\"@graph\":[{\"@type\":\"WebPage\",\"@id\":\"https:\\\/\\\/www.mirjampolman.com\\\/landing\\\/about-us\\\/?lang=es\",\"url\":\"https:\\\/\\\/www.mirjampolman.com\\\/landing\\\/about-us\\\/?lang=es\",\"name\":\"Arte Caligrama - BazArt La Gomera\",\"isPartOf\":{\"@id\":\"https:\\\/\\\/www.mirjampolman.com\\\/landing\\\/about-us\\\/#website\"},\"primaryImageOfPage\":{\"@id\":\"https:\\\/\\\/www.mirjampolman.com\\\/landing\\\/about-us\\\/?lang=es#primaryimage\"},\"image\":{\"@id\":\"https:\\\/\\\/www.mirjampolman.com\\\/landing\\\/about-us\\\/?lang=es#primaryimage\"},\"thumbnailUrl\":\"https:\\\/\\\/www.mirjampolman.com\\\/wp-content\\\/uploads\\\/2022\\\/06\\\/cropped-Woo_Hartjes_detail_schrijf-e1746484466411.jpg\",\"datePublished\":\"2025-06-14T22:08:53+00:00\",\"dateModified\":\"2025-06-23T14:31:30+00:00\",\"description\":\"Encarga tu propio Arte Caligrama. Una imagen escrita a mano con un texto es el regalo super original. \u00a1Las posibilidades son infinitas!\",\"breadcrumb\":{\"@id\":\"https:\\\/\\\/www.mirjampolman.com\\\/landing\\\/about-us\\\/?lang=es#breadcrumb\"},\"inLanguage\":\"en-US\",\"potentialAction\":[{\"@type\":\"ReadAction\",\"target\":[\"https:\\\/\\\/www.mirjampolman.com\\\/landing\\\/about-us\\\/?lang=es\"]}]},{\"@type\":\"ImageObject\",\"inLanguage\":\"en-US\",\"@id\":\"https:\\\/\\\/www.mirjampolman.com\\\/landing\\\/about-us\\\/?lang=es#primaryimage\",\"url\":\"https:\\\/\\\/www.mirjampolman.com\\\/wp-content\\\/uploads\\\/2022\\\/06\\\/cropped-Woo_Hartjes_detail_schrijf-e1746484466411.jpg\",\"contentUrl\":\"https:\\\/\\\/www.mirjampolman.com\\\/wp-content\\\/uploads\\\/2022\\\/06\\\/cropped-Woo_Hartjes_detail_schrijf-e1746484466411.jpg\"},{\"@type\":\"BreadcrumbList\",\"@id\":\"https:\\\/\\\/www.mirjampolman.com\\\/landing\\\/about-us\\\/?lang=es#breadcrumb\",\"itemListElement\":[{\"@type\":\"ListItem\",\"position\":1,\"name\":\"Home\",\"item\":\"https:\\\/\\\/www.mirjampolman.com\\\/landing\\\/about-us\\\/\"},{\"@type\":\"ListItem\",\"position\":2,\"name\":\"Arte Caligrama\"}]},{\"@type\":\"WebSite\",\"@id\":\"https:\\\/\\\/www.mirjampolman.com\\\/landing\\\/about-us\\\/#website\",\"url\":\"https:\\\/\\\/www.mirjampolman.com\\\/landing\\\/about-us\\\/\",\"name\":\"BazArt La Gomera\",\"description\":\"Fine Art &amp; Handmade Gifts\",\"potentialAction\":[{\"@type\":\"SearchAction\",\"target\":{\"@type\":\"EntryPoint\",\"urlTemplate\":\"https:\\\/\\\/www.mirjampolman.com\\\/landing\\\/about-us\\\/?s={search_term_string}\"},\"query-input\":{\"@type\":\"PropertyValueSpecification\",\"valueRequired\":true,\"valueName\":\"search_term_string\"}}],\"inLanguage\":\"en-US\"}]}<\/script>\n<!-- \/ Yoast SEO plugin. -->","yoast_head_json":{"title":"Arte Caligrama - BazArt La Gomera","description":"Encarga tu propio Arte Caligrama. Una imagen escrita a mano con un texto es el regalo super original. \u00a1Las posibilidades son infinitas!","robots":{"index":"index","follow":"follow","max-snippet":"max-snippet:-1","max-image-preview":"max-image-preview:large","max-video-preview":"max-video-preview:-1"},"canonical":"https:\/\/www.mirjampolman.com\/landing\/about-us\/?lang=es","og_locale":"en_US","og_type":"article","og_title":"Arte Caligrama - BazArt La Gomera","og_description":"Encarga tu propio Arte Caligrama. Una imagen escrita a mano con un texto es el regalo super original. \u00a1Las posibilidades son infinitas!","og_url":"https:\/\/www.mirjampolman.com\/landing\/about-us\/?lang=es","og_site_name":"BazArt La Gomera","article_publisher":"https:\/\/www.facebook.com\/Bazartlagomera","article_modified_time":"2025-06-23T14:31:30+00:00","og_image":[{"url":"https:\/\/www.mirjampolman.com\/wp-content\/uploads\/2022\/06\/cropped-Woo_Hartjes_detail_schrijf-e1746484466411.jpg","type":"","width":"","height":""}],"twitter_card":"summary_large_image","twitter_misc":{"Est. reading time":"2 minutes"},"schema":{"@context":"https:\/\/schema.org","@graph":[{"@type":"WebPage","@id":"https:\/\/www.mirjampolman.com\/landing\/about-us\/?lang=es","url":"https:\/\/www.mirjampolman.com\/landing\/about-us\/?lang=es","name":"Arte Caligrama - BazArt La Gomera","isPartOf":{"@id":"https:\/\/www.mirjampolman.com\/landing\/about-us\/#website"},"primaryImageOfPage":{"@id":"https:\/\/www.mirjampolman.com\/landing\/about-us\/?lang=es#primaryimage"},"image":{"@id":"https:\/\/www.mirjampolman.com\/landing\/about-us\/?lang=es#primaryimage"},"thumbnailUrl":"https:\/\/www.mirjampolman.com\/wp-content\/uploads\/2022\/06\/cropped-Woo_Hartjes_detail_schrijf-e1746484466411.jpg","datePublished":"2025-06-14T22:08:53+00:00","dateModified":"2025-06-23T14:31:30+00:00","description":"Encarga tu propio Arte Caligrama. Una imagen escrita a mano con un texto es el regalo super original. \u00a1Las posibilidades son infinitas!","breadcrumb":{"@id":"https:\/\/www.mirjampolman.com\/landing\/about-us\/?lang=es#breadcrumb"},"inLanguage":"en-US","potentialAction":[{"@type":"ReadAction","target":["https:\/\/www.mirjampolman.com\/landing\/about-us\/?lang=es"]}]},{"@type":"ImageObject","inLanguage":"en-US","@id":"https:\/\/www.mirjampolman.com\/landing\/about-us\/?lang=es#primaryimage","url":"https:\/\/www.mirjampolman.com\/wp-content\/uploads\/2022\/06\/cropped-Woo_Hartjes_detail_schrijf-e1746484466411.jpg","contentUrl":"https:\/\/www.mirjampolman.com\/wp-content\/uploads\/2022\/06\/cropped-Woo_Hartjes_detail_schrijf-e1746484466411.jpg"},{"@type":"BreadcrumbList","@id":"https:\/\/www.mirjampolman.com\/landing\/about-us\/?lang=es#breadcrumb","itemListElement":[{"@type":"ListItem","position":1,"name":"Home","item":"https:\/\/www.mirjampolman.com\/landing\/about-us\/"},{"@type":"ListItem","position":2,"name":"Arte Caligrama"}]},{"@type":"WebSite","@id":"https:\/\/www.mirjampolman.com\/landing\/about-us\/#website","url":"https:\/\/www.mirjampolman.com\/landing\/about-us\/","name":"BazArt La Gomera","description":"Fine Art &amp; Handmade Gifts","potentialAction":[{"@type":"SearchAction","target":{"@type":"EntryPoint","urlTemplate":"https:\/\/www.mirjampolman.com\/landing\/about-us\/?s={search_term_string}"},"query-input":{"@type":"PropertyValueSpecification","valueRequired":true,"valueName":"search_term_string"}}],"inLanguage":"en-US"}]}},"jetpack_shortlink":"https:\/\/wp.me\/P8rZK3-266","jetpack_likes_enabled":true,"jetpack_sharing_enabled":true,"_links":{"self":[{"href":"https:\/\/www.mirjampolman.com\/landing\/about-us\/wp-json\/wp\/v2\/pages\/8066","targetHints":{"allow":["GET"]}}],"collection":[{"href":"https:\/\/www.mirjampolman.com\/landing\/about-us\/wp-json\/wp\/v2\/pages"}],"about":[{"href":"https:\/\/www.mirjampolman.com\/landing\/about-us\/wp-json\/wp\/v2\/types\/page"}],"author":[{"embeddable":true,"href":"https:\/\/www.mirjampolman.com\/landing\/about-us\/wp-json\/wp\/v2\/users\/1"}],"replies":[{"embeddable":true,"href":"https:\/\/www.mirjampolman.com\/landing\/about-us\/wp-json\/wp\/v2\/comments?post=8066"}],"version-history":[{"count":23,"href":"https:\/\/www.mirjampolman.com\/landing\/about-us\/wp-json\/wp\/v2\/pages\/8066\/revisions"}],"predecessor-version":[{"id":8363,"href":"https:\/\/www.mirjampolman.com\/landing\/about-us\/wp-json\/wp\/v2\/pages\/8066\/revisions\/8363"}],"wp:attachment":[{"href":"https:\/\/www.mirjampolman.com\/landing\/about-us\/wp-json\/wp\/v2\/media?parent=8066"}],"curies":[{"name":"wp","href":"https:\/\/api.w.org\/{rel}","templated":true}]}}