{"id":8067,"date":"2025-06-14T21:08:53","date_gmt":"2025-06-14T22:08:53","guid":{"rendered":"https:\/\/www.mirjampolman.com\/landing\/about-us\/calligram-art\/"},"modified":"2025-06-23T13:32:47","modified_gmt":"2025-06-23T14:32:47","slug":"kalligramm-2","status":"publish","type":"page","link":"https:\/\/www.mirjampolman.com\/landing\/about-us\/kalligramm-2\/?lang=de","title":{"rendered":"Kalligramm"},"content":{"rendered":"<p>&nbsp;<\/p>\n<p><a href=\"https:\/\/www.mirjampolman.com\/wp-content\/uploads\/2022\/06\/cropped-Woo_Hartjes_detail_schrijf-e1746484466411.jpg\"><br \/>\n<\/a><img data-recalc-dims=\"1\" loading=\"lazy\" decoding=\"async\" class=\"alignright wp-image-7930\" src=\"https:\/\/i0.wp.com\/www.mirjampolman.com\/wp-content\/uploads\/2022\/06\/cropped-Woo_Hartjes_detail_schrijf-e1746484466411.jpg?resize=300%2C299&#038;ssl=1\" alt=\"Kalligramm kunst. Handgeschriebener Text in Rot und Schwarz mit einem Stift. BazArt La Gomera\" width=\"300\" height=\"299\" srcset=\"https:\/\/i0.wp.com\/www.mirjampolman.com\/wp-content\/uploads\/2022\/06\/cropped-Woo_Hartjes_detail_schrijf-e1746484466411.jpg?w=739&amp;ssl=1 739w, https:\/\/i0.wp.com\/www.mirjampolman.com\/wp-content\/uploads\/2022\/06\/cropped-Woo_Hartjes_detail_schrijf-e1746484466411.jpg?resize=300%2C300&amp;ssl=1 300w, https:\/\/i0.wp.com\/www.mirjampolman.com\/wp-content\/uploads\/2022\/06\/cropped-Woo_Hartjes_detail_schrijf-e1746484466411.jpg?resize=150%2C150&amp;ssl=1 150w\" sizes=\"auto, (max-width: 300px) 100vw, 300px\" \/>Kalligramm kunst \u2013 Mirjam Polman<\/p>\n<p><em>&#8220;Ein Kalligramm ist ein Text, der so angeordnet ist, dass er ein thematisch zusammenh\u00e4ngendes Bild ergibt. Es kann ein Gedicht, ein Satz oder ein einzelnes Wort sein.&#8221;<\/em> Quelle: <a href=\"https:\/\/en.wikipedia.org\/wiki\/Calligram\" target=\"_blank\" rel=\"noopener\">Wikipedia<\/a><\/p>\n<p>Mirjam ist eine zeitgen\u00f6ssische Kalligramm k\u00fcnstlerin, die diese Technik in ihrer Kunst verwendet. Sie lebt und arbeitet auf La Gomera, einer der kleinsten Inseln der Kanarischen Inseln. Ihre Werke werden weltweit verkauft.<\/p>\n<h5>W\u00f6rter z\u00e4hlen<\/h5>\n<p>Wenn Mirjam ein Kalligramm anfertigt, schreibt sie Hunderte von W\u00f6rtern &#8211; einen Text oder einen Namen &#8211; um ein Bild zu formen. Sie schreibt sie sehr klein, aber immer noch lesbar. W\u00e4hrend des Schreibens z\u00e4hlt sie die geschriebenen W\u00f6rter und notiert sie. Wenn das Kunstwerk fertig ist, ist die Gesamtzahl der W\u00f6rter bekannt. Die Gesamtzahl der W\u00f6rter wird zusammen mit ihren Initialen in Minuskeln auf die Vorderseite geschrieben, dann ist das Kalligramm fertig.<\/p>\n<p>Das Ergebnis ist ein einzigartiges Kunstwerk, bei dem man zweimal hinschauen muss, um zu erkennen, wie es entstanden ist. Zuerst aus der Ferne, um einen Gesamt\u00fcberblick \u00fcber das Bild zu erhalten, dann aus der N\u00e4he, um die Details des noch lesbaren Textes zu erkennen. Ein L\u00f6wenkopf, eine 1,8 Meter hohe Giraffe, eine Yoga- oder Buddha-Statue, Insekten oder eine beeindruckende Nautilusmuschel \u2026 Mirjams freie Arbeiten sind sehr vielf\u00e4ltig und abwechslungsreich.<\/p>\n<h5>Personalisierte Arbeiten<\/h5>\n<p>In den letzten Jahren hat Mirjam viele personalisierte Auftr\u00e4ge angefertigt, indem sie den Namen der Person hunderte Male in das Bild geschrieben hat. Ob eine besondere <a href=\"https:\/\/www.mirjampolman.com\/landing\/about-us\/fingerprint-memorial\/\" target=\"_blank\" rel=\"noopener\">Erinnerung an einen verstorbenen geliebten Menschen<\/a> in Form eines Fingerabdrucks, <a href=\"https:\/\/www.etsy.com\/nl\/listing\/1795730932\/wordart-huwelijksharten-namen-kalligram?ref=shop_home_active_31&amp;frs=1&amp;sca=1&amp;logging_key=0bd3323f900a95c3295b032a4022261e038ee17c%3A1795730932\" target=\"_blank\" rel=\"noopener\">Herzen in zwei Farben f\u00fcr eine Hochzeit<\/a> oder einen Jahrestag, s\u00fc\u00dfe Babyf\u00fc\u00dfe f\u00fcr kleine Neugeborene oder passende Motive wie einen Wal oder ein Segelschiff f\u00fcr <a href=\"https:\/\/www.etsy.com\/listing\/1809898845\/wordart-whale-made-with-handwritten-text?ref=shop_home_feat_4&amp;frs=1&amp;logging_key=ed369df985056da88e2f358b9fa583f89e2e5f8b%3A1809898845\" target=\"_blank\" rel=\"noopener\">eine Taufe<\/a> \u2026 Die M\u00f6glichkeiten sind endlos!<\/p>\n<p>Durch das hunderte Male Schreiben des Namens in das Bild entstehen personalisierte Geschenke f\u00fcrs Leben!<\/p>\n<p>M\u00f6chten Sie mehr sehen? Dann besuchen Sie <a href=\"https:\/\/www.mirjampolman.com\/landing\/about-us\/online-shop\/\" target=\"_blank\" rel=\"noopener\">unseren Webshop<\/a>!<\/p>\n","protected":false},"excerpt":{"rendered":"<p>&nbsp; Kalligramm kunst \u2013 Mirjam Polman &#8220;Ein Kalligramm ist ein Text, der so angeordnet ist, dass er ein thematisch zusammenh\u00e4ngendes Bild ergibt. Es kann ein Gedicht, ein Satz oder ein einzelnes Wort sein.&#8221; Quelle: Wikipedia Mirjam ist eine zeitgen\u00f6ssische Kalligramm k\u00fcnstlerin, die diese Technik in ihrer Kunst verwendet. Sie lebt und arbeitet auf La Gomera,&hellip;&nbsp;<\/p>\n","protected":false},"author":1,"featured_media":0,"parent":0,"menu_order":0,"comment_status":"closed","ping_status":"closed","template":"","meta":{"neve_meta_sidebar":"","neve_meta_container":"","neve_meta_enable_content_width":"off","neve_meta_content_width":100,"neve_meta_title_alignment":"","neve_meta_author_avatar":"","neve_post_elements_order":"","neve_meta_disable_header":"","neve_meta_disable_footer":"","neve_meta_disable_title":"on","jetpack_post_was_ever_published":false,"footnotes":""},"class_list":["post-8067","page","type-page","status-publish","hentry"],"yoast_head":"<!-- This site is optimized with the Yoast SEO plugin v27.4 - https:\/\/yoast.com\/product\/yoast-seo-wordpress\/ -->\n<title>Kalligramm - BazArt La Gomera<\/title>\n<meta name=\"description\" content=\"Bestellen Sie Ihr eigenes Kalligramm kunst. Ein handgeschriebenes Bild mit Namen oder Text ist das einzigartigste Geschenk.\" \/>\n<meta name=\"robots\" content=\"index, follow, max-snippet:-1, max-image-preview:large, max-video-preview:-1\" \/>\n<link rel=\"canonical\" href=\"https:\/\/www.mirjampolman.com\/landing\/about-us\/?lang=de\" \/>\n<meta property=\"og:locale\" content=\"en_US\" \/>\n<meta property=\"og:type\" content=\"article\" \/>\n<meta property=\"og:title\" content=\"Kalligramm - BazArt La Gomera\" \/>\n<meta property=\"og:description\" content=\"Bestellen Sie Ihr eigenes Kalligramm kunst. Ein handgeschriebenes Bild mit Namen oder Text ist das einzigartigste Geschenk.\" \/>\n<meta property=\"og:url\" content=\"https:\/\/www.mirjampolman.com\/landing\/about-us\/?lang=de\" \/>\n<meta property=\"og:site_name\" content=\"BazArt La Gomera\" \/>\n<meta property=\"article:publisher\" content=\"https:\/\/www.facebook.com\/Bazartlagomera\" \/>\n<meta property=\"article:modified_time\" content=\"2025-06-23T14:32:47+00:00\" \/>\n<meta property=\"og:image\" content=\"https:\/\/www.mirjampolman.com\/wp-content\/uploads\/2022\/06\/cropped-Woo_Hartjes_detail_schrijf-e1746484466411.jpg\" \/>\n<meta name=\"twitter:card\" content=\"summary_large_image\" \/>\n<meta name=\"twitter:label1\" content=\"Est. reading time\" \/>\n\t<meta name=\"twitter:data1\" content=\"2 minutes\" \/>\n<script type=\"application\/ld+json\" class=\"yoast-schema-graph\">{\"@context\":\"https:\\\/\\\/schema.org\",\"@graph\":[{\"@type\":\"WebPage\",\"@id\":\"https:\\\/\\\/www.mirjampolman.com\\\/landing\\\/about-us\\\/?lang=de\",\"url\":\"https:\\\/\\\/www.mirjampolman.com\\\/landing\\\/about-us\\\/?lang=de\",\"name\":\"Kalligramm - BazArt La Gomera\",\"isPartOf\":{\"@id\":\"https:\\\/\\\/www.mirjampolman.com\\\/landing\\\/about-us\\\/#website\"},\"primaryImageOfPage\":{\"@id\":\"https:\\\/\\\/www.mirjampolman.com\\\/landing\\\/about-us\\\/?lang=de#primaryimage\"},\"image\":{\"@id\":\"https:\\\/\\\/www.mirjampolman.com\\\/landing\\\/about-us\\\/?lang=de#primaryimage\"},\"thumbnailUrl\":\"https:\\\/\\\/www.mirjampolman.com\\\/wp-content\\\/uploads\\\/2022\\\/06\\\/cropped-Woo_Hartjes_detail_schrijf-e1746484466411.jpg\",\"datePublished\":\"2025-06-14T22:08:53+00:00\",\"dateModified\":\"2025-06-23T14:32:47+00:00\",\"description\":\"Bestellen Sie Ihr eigenes Kalligramm kunst. Ein handgeschriebenes Bild mit Namen oder Text ist das einzigartigste Geschenk.\",\"breadcrumb\":{\"@id\":\"https:\\\/\\\/www.mirjampolman.com\\\/landing\\\/about-us\\\/?lang=de#breadcrumb\"},\"inLanguage\":\"en-US\",\"potentialAction\":[{\"@type\":\"ReadAction\",\"target\":[\"https:\\\/\\\/www.mirjampolman.com\\\/landing\\\/about-us\\\/?lang=de\"]}]},{\"@type\":\"ImageObject\",\"inLanguage\":\"en-US\",\"@id\":\"https:\\\/\\\/www.mirjampolman.com\\\/landing\\\/about-us\\\/?lang=de#primaryimage\",\"url\":\"https:\\\/\\\/www.mirjampolman.com\\\/wp-content\\\/uploads\\\/2022\\\/06\\\/cropped-Woo_Hartjes_detail_schrijf-e1746484466411.jpg\",\"contentUrl\":\"https:\\\/\\\/www.mirjampolman.com\\\/wp-content\\\/uploads\\\/2022\\\/06\\\/cropped-Woo_Hartjes_detail_schrijf-e1746484466411.jpg\"},{\"@type\":\"BreadcrumbList\",\"@id\":\"https:\\\/\\\/www.mirjampolman.com\\\/landing\\\/about-us\\\/?lang=de#breadcrumb\",\"itemListElement\":[{\"@type\":\"ListItem\",\"position\":1,\"name\":\"Home\",\"item\":\"https:\\\/\\\/www.mirjampolman.com\\\/landing\\\/about-us\\\/\"},{\"@type\":\"ListItem\",\"position\":2,\"name\":\"Kalligramm\"}]},{\"@type\":\"WebSite\",\"@id\":\"https:\\\/\\\/www.mirjampolman.com\\\/landing\\\/about-us\\\/#website\",\"url\":\"https:\\\/\\\/www.mirjampolman.com\\\/landing\\\/about-us\\\/\",\"name\":\"BazArt La Gomera\",\"description\":\"Fine Art &amp; Handmade Gifts\",\"potentialAction\":[{\"@type\":\"SearchAction\",\"target\":{\"@type\":\"EntryPoint\",\"urlTemplate\":\"https:\\\/\\\/www.mirjampolman.com\\\/landing\\\/about-us\\\/?s={search_term_string}\"},\"query-input\":{\"@type\":\"PropertyValueSpecification\",\"valueRequired\":true,\"valueName\":\"search_term_string\"}}],\"inLanguage\":\"en-US\"}]}<\/script>\n<!-- \/ Yoast SEO plugin. -->","yoast_head_json":{"title":"Kalligramm - BazArt La Gomera","description":"Bestellen Sie Ihr eigenes Kalligramm kunst. Ein handgeschriebenes Bild mit Namen oder Text ist das einzigartigste Geschenk.","robots":{"index":"index","follow":"follow","max-snippet":"max-snippet:-1","max-image-preview":"max-image-preview:large","max-video-preview":"max-video-preview:-1"},"canonical":"https:\/\/www.mirjampolman.com\/landing\/about-us\/?lang=de","og_locale":"en_US","og_type":"article","og_title":"Kalligramm - BazArt La Gomera","og_description":"Bestellen Sie Ihr eigenes Kalligramm kunst. Ein handgeschriebenes Bild mit Namen oder Text ist das einzigartigste Geschenk.","og_url":"https:\/\/www.mirjampolman.com\/landing\/about-us\/?lang=de","og_site_name":"BazArt La Gomera","article_publisher":"https:\/\/www.facebook.com\/Bazartlagomera","article_modified_time":"2025-06-23T14:32:47+00:00","og_image":[{"url":"https:\/\/www.mirjampolman.com\/wp-content\/uploads\/2022\/06\/cropped-Woo_Hartjes_detail_schrijf-e1746484466411.jpg","type":"","width":"","height":""}],"twitter_card":"summary_large_image","twitter_misc":{"Est. reading time":"2 minutes"},"schema":{"@context":"https:\/\/schema.org","@graph":[{"@type":"WebPage","@id":"https:\/\/www.mirjampolman.com\/landing\/about-us\/?lang=de","url":"https:\/\/www.mirjampolman.com\/landing\/about-us\/?lang=de","name":"Kalligramm - BazArt La Gomera","isPartOf":{"@id":"https:\/\/www.mirjampolman.com\/landing\/about-us\/#website"},"primaryImageOfPage":{"@id":"https:\/\/www.mirjampolman.com\/landing\/about-us\/?lang=de#primaryimage"},"image":{"@id":"https:\/\/www.mirjampolman.com\/landing\/about-us\/?lang=de#primaryimage"},"thumbnailUrl":"https:\/\/www.mirjampolman.com\/wp-content\/uploads\/2022\/06\/cropped-Woo_Hartjes_detail_schrijf-e1746484466411.jpg","datePublished":"2025-06-14T22:08:53+00:00","dateModified":"2025-06-23T14:32:47+00:00","description":"Bestellen Sie Ihr eigenes Kalligramm kunst. Ein handgeschriebenes Bild mit Namen oder Text ist das einzigartigste Geschenk.","breadcrumb":{"@id":"https:\/\/www.mirjampolman.com\/landing\/about-us\/?lang=de#breadcrumb"},"inLanguage":"en-US","potentialAction":[{"@type":"ReadAction","target":["https:\/\/www.mirjampolman.com\/landing\/about-us\/?lang=de"]}]},{"@type":"ImageObject","inLanguage":"en-US","@id":"https:\/\/www.mirjampolman.com\/landing\/about-us\/?lang=de#primaryimage","url":"https:\/\/www.mirjampolman.com\/wp-content\/uploads\/2022\/06\/cropped-Woo_Hartjes_detail_schrijf-e1746484466411.jpg","contentUrl":"https:\/\/www.mirjampolman.com\/wp-content\/uploads\/2022\/06\/cropped-Woo_Hartjes_detail_schrijf-e1746484466411.jpg"},{"@type":"BreadcrumbList","@id":"https:\/\/www.mirjampolman.com\/landing\/about-us\/?lang=de#breadcrumb","itemListElement":[{"@type":"ListItem","position":1,"name":"Home","item":"https:\/\/www.mirjampolman.com\/landing\/about-us\/"},{"@type":"ListItem","position":2,"name":"Kalligramm"}]},{"@type":"WebSite","@id":"https:\/\/www.mirjampolman.com\/landing\/about-us\/#website","url":"https:\/\/www.mirjampolman.com\/landing\/about-us\/","name":"BazArt La Gomera","description":"Fine Art &amp; Handmade Gifts","potentialAction":[{"@type":"SearchAction","target":{"@type":"EntryPoint","urlTemplate":"https:\/\/www.mirjampolman.com\/landing\/about-us\/?s={search_term_string}"},"query-input":{"@type":"PropertyValueSpecification","valueRequired":true,"valueName":"search_term_string"}}],"inLanguage":"en-US"}]}},"jetpack_shortlink":"https:\/\/wp.me\/P8rZK3-267","jetpack_likes_enabled":true,"jetpack_sharing_enabled":true,"_links":{"self":[{"href":"https:\/\/www.mirjampolman.com\/landing\/about-us\/wp-json\/wp\/v2\/pages\/8067","targetHints":{"allow":["GET"]}}],"collection":[{"href":"https:\/\/www.mirjampolman.com\/landing\/about-us\/wp-json\/wp\/v2\/pages"}],"about":[{"href":"https:\/\/www.mirjampolman.com\/landing\/about-us\/wp-json\/wp\/v2\/types\/page"}],"author":[{"embeddable":true,"href":"https:\/\/www.mirjampolman.com\/landing\/about-us\/wp-json\/wp\/v2\/users\/1"}],"replies":[{"embeddable":true,"href":"https:\/\/www.mirjampolman.com\/landing\/about-us\/wp-json\/wp\/v2\/comments?post=8067"}],"version-history":[{"count":23,"href":"https:\/\/www.mirjampolman.com\/landing\/about-us\/wp-json\/wp\/v2\/pages\/8067\/revisions"}],"predecessor-version":[{"id":8366,"href":"https:\/\/www.mirjampolman.com\/landing\/about-us\/wp-json\/wp\/v2\/pages\/8067\/revisions\/8366"}],"wp:attachment":[{"href":"https:\/\/www.mirjampolman.com\/landing\/about-us\/wp-json\/wp\/v2\/media?parent=8067"}],"curies":[{"name":"wp","href":"https:\/\/api.w.org\/{rel}","templated":true}]}}